{"id":16909,"date":"2014-05-20T07:51:11","date_gmt":"2014-05-20T07:51:11","guid":{"rendered":"http:\/\/esarquitecto.com\/es\/home"},"modified":"2019-04-16T09:28:23","modified_gmt":"2019-04-16T09:28:23","slug":"esteban-sanchez-pomes-estudio-arquitectura-sitges-barcelona","status":"publish","type":"page","link":"http:\/\/esarquitecto.com\/es","title":{"rendered":"Esteban S\u00e1nchez Pom\u00e9s Estudio Arquitectura Sitges Barcelona"},"content":{"rendered":"<div class=\"wpb-content-wrapper\"><p>[vc_row row_type=\u00bbrow\u00bb use_row_as_full_screen_section=\u00bbno\u00bb type=\u00bbfull_width\u00bb angled_section=\u00bbno\u00bb text_align=\u00bbcenter\u00bb background_image_as_pattern=\u00bbwithout_pattern\u00bb css_animation=\u00bb\u00bb][vc_column][vc_separator type=\u00bbtransparent\u00bb up=\u00bb20&#8243; down=\u00bb20&#8243;][vc_column_text]<\/p>\n<h1 style=\"text-align: center;\">Esteban S\u00e1nchez Pom\u00e9s Estudio Arquitectura<\/h1>\n<h2 style=\"text-align: center;\">Sitges Barcelona Estudio Arquitectura<\/h2>\n<p>[\/vc_column_text][vc_separator type=\u00bbtransparent\u00bb up=\u00bb10&#8243; down=\u00bb10&#8243;][\/vc_column][\/vc_row]<\/p>\n<\/div>","protected":false},"excerpt":{"rendered":"<p>[vc_row row_type=\u00bbrow\u00bb use_row_as_full_screen_section=\u00bbno\u00bb type=\u00bbfull_width\u00bb angled_section=\u00bbno\u00bb text_align=\u00bbcenter\u00bb background_image_as_pattern=\u00bbwithout_pattern\u00bb css_animation=\u00bb\u00bb][vc_column][vc_separator type=\u00bbtransparent\u00bb up=\u00bb20&#8243; down=\u00bb20&#8243;][vc_column_text] Esteban S\u00e1nchez Pom\u00e9s Estudio Arquitectura Sitges Barcelona Estudio Arquitectura [\/vc_column_text][vc_separator type=\u00bbtransparent\u00bb up=\u00bb10&#8243; down=\u00bb10&#8243;][\/vc_column][\/vc_row]<\/p>\n","protected":false},"author":1,"featured_media":0,"parent":0,"menu_order":0,"comment_status":"open","ping_status":"open","template":"full_width.php","meta":[],"yoast_head":"<!-- This site is optimized with the Yoast SEO plugin v21.8.1 - https:\/\/yoast.com\/wordpress\/plugins\/seo\/ -->\n<title>Esteban S\u00e1nchez Pom\u00e9s Estudio Arquitectura Sitges<\/title>\n<meta name=\"description\" content=\"Esteban S\u00e1nchez Pom\u00e9s Estudio Arquitectura Sitges Barcelona. Esteban S\u00e1nchez Pom\u00e9s Arquitecto Sitges Barcelona Certificados Eficiancia Energetic C\u00e9dulas Habitabilidad Obra Nueva Edificaci\u00f3n Rehabilitaci\u00f3n Inspecci\u00f3n T\u00e9cnica Edificios ITE\" \/>\n<meta name=\"robots\" content=\"index, follow, max-snippet:-1, max-image-preview:large, max-video-preview:-1\" \/>\n<link rel=\"canonical\" href=\"http:\/\/esarquitecto.com\/es\" \/>\n<meta property=\"og:locale\" content=\"es_ES\" \/>\n<meta property=\"og:type\" content=\"article\" \/>\n<meta property=\"og:title\" content=\"Esteban S\u00e1nchez Pom\u00e9s Estudio Arquitectura Sitges\" \/>\n<meta property=\"og:description\" content=\"Esteban S\u00e1nchez Pom\u00e9s Estudio Arquitectura Sitges Barcelona. Esteban S\u00e1nchez Pom\u00e9s Arquitecto Sitges Barcelona Certificados Eficiancia Energetic C\u00e9dulas Habitabilidad Obra Nueva Edificaci\u00f3n Rehabilitaci\u00f3n Inspecci\u00f3n T\u00e9cnica Edificios ITE\" \/>\n<meta property=\"og:url\" content=\"http:\/\/esarquitecto.com\/es\" \/>\n<meta property=\"og:site_name\" content=\"esarquitecto - Architecture Studio Sitges\" \/>\n<meta property=\"article:modified_time\" content=\"2019-04-16T09:28:23+00:00\" \/>\n<meta name=\"twitter:card\" content=\"summary_large_image\" \/>\n<script type=\"application\/ld+json\" class=\"yoast-schema-graph\">{\"@context\":\"https:\/\/schema.org\",\"@graph\":[{\"@type\":\"WebPage\",\"@id\":\"http:\/\/esarquitecto.com\/es\",\"url\":\"http:\/\/esarquitecto.com\/es\",\"name\":\"Esteban S\u00e1nchez Pom\u00e9s Estudio Arquitectura Sitges\",\"isPartOf\":{\"@id\":\"http:\/\/esarquitecto.com\/ca\/#website\"},\"datePublished\":\"2014-05-20T07:51:11+00:00\",\"dateModified\":\"2019-04-16T09:28:23+00:00\",\"description\":\"Esteban S\u00e1nchez Pom\u00e9s Estudio Arquitectura Sitges Barcelona. Esteban S\u00e1nchez Pom\u00e9s Arquitecto Sitges Barcelona Certificados Eficiancia Energetic C\u00e9dulas Habitabilidad Obra Nueva Edificaci\u00f3n Rehabilitaci\u00f3n Inspecci\u00f3n T\u00e9cnica Edificios ITE\",\"breadcrumb\":{\"@id\":\"http:\/\/esarquitecto.com\/es#breadcrumb\"},\"inLanguage\":\"es\",\"potentialAction\":[{\"@type\":\"ReadAction\",\"target\":[\"http:\/\/esarquitecto.com\/es\"]}]},{\"@type\":\"BreadcrumbList\",\"@id\":\"http:\/\/esarquitecto.com\/es#breadcrumb\",\"itemListElement\":[{\"@type\":\"ListItem\",\"position\":1,\"name\":\"Home\",\"item\":\"http:\/\/esarquitecto.com\/es\"},{\"@type\":\"ListItem\",\"position\":2,\"name\":\"Esteban S\u00e1nchez Pom\u00e9s Estudio Arquitectura Sitges Barcelona\"}]},{\"@type\":\"WebSite\",\"@id\":\"http:\/\/esarquitecto.com\/ca\/#website\",\"url\":\"http:\/\/esarquitecto.com\/ca\/\",\"name\":\"esarquitecto - Architecture Studio Sitges\",\"description\":\"Esteban S\u00e1nchez Pom\u00e9s Architect\",\"publisher\":{\"@id\":\"http:\/\/esarquitecto.com\/ca\/#organization\"},\"potentialAction\":[{\"@type\":\"SearchAction\",\"target\":{\"@type\":\"EntryPoint\",\"urlTemplate\":\"http:\/\/esarquitecto.com\/ca\/?s={search_term_string}\"},\"query-input\":\"required name=search_term_string\"}],\"inLanguage\":\"es\"},{\"@type\":\"Organization\",\"@id\":\"http:\/\/esarquitecto.com\/ca\/#organization\",\"name\":\"Esteban S\u00e1nchez Pom\u00e9s Arquitecture Studio Sitges\",\"url\":\"http:\/\/esarquitecto.com\/ca\/\",\"logo\":{\"@type\":\"ImageObject\",\"inLanguage\":\"es\",\"@id\":\"http:\/\/esarquitecto.com\/ca\/#\/schema\/logo\/image\/\",\"url\":\"http:\/\/esarquitecto.com\/wp-content\/uploads\/2015\/11\/logo-ESP.png\",\"contentUrl\":\"http:\/\/esarquitecto.com\/wp-content\/uploads\/2015\/11\/logo-ESP.png\",\"width\":1213,\"height\":676,\"caption\":\"Esteban S\u00e1nchez Pom\u00e9s Arquitecture Studio Sitges\"},\"image\":{\"@id\":\"http:\/\/esarquitecto.com\/ca\/#\/schema\/logo\/image\/\"}}]}<\/script>\n<!-- \/ Yoast SEO plugin. -->","yoast_head_json":{"title":"Esteban S\u00e1nchez Pom\u00e9s Estudio Arquitectura Sitges","description":"Esteban S\u00e1nchez Pom\u00e9s Estudio Arquitectura Sitges Barcelona. Esteban S\u00e1nchez Pom\u00e9s Arquitecto Sitges Barcelona Certificados Eficiancia Energetic C\u00e9dulas Habitabilidad Obra Nueva Edificaci\u00f3n Rehabilitaci\u00f3n Inspecci\u00f3n T\u00e9cnica Edificios ITE","robots":{"index":"index","follow":"follow","max-snippet":"max-snippet:-1","max-image-preview":"max-image-preview:large","max-video-preview":"max-video-preview:-1"},"canonical":"http:\/\/esarquitecto.com\/es","og_locale":"es_ES","og_type":"article","og_title":"Esteban S\u00e1nchez Pom\u00e9s Estudio Arquitectura Sitges","og_description":"Esteban S\u00e1nchez Pom\u00e9s Estudio Arquitectura Sitges Barcelona. Esteban S\u00e1nchez Pom\u00e9s Arquitecto Sitges Barcelona Certificados Eficiancia Energetic C\u00e9dulas Habitabilidad Obra Nueva Edificaci\u00f3n Rehabilitaci\u00f3n Inspecci\u00f3n T\u00e9cnica Edificios ITE","og_url":"http:\/\/esarquitecto.com\/es","og_site_name":"esarquitecto - Architecture Studio Sitges","article_modified_time":"2019-04-16T09:28:23+00:00","twitter_card":"summary_large_image","schema":{"@context":"https:\/\/schema.org","@graph":[{"@type":"WebPage","@id":"http:\/\/esarquitecto.com\/es","url":"http:\/\/esarquitecto.com\/es","name":"Esteban S\u00e1nchez Pom\u00e9s Estudio Arquitectura Sitges","isPartOf":{"@id":"http:\/\/esarquitecto.com\/ca\/#website"},"datePublished":"2014-05-20T07:51:11+00:00","dateModified":"2019-04-16T09:28:23+00:00","description":"Esteban S\u00e1nchez Pom\u00e9s Estudio Arquitectura Sitges Barcelona. Esteban S\u00e1nchez Pom\u00e9s Arquitecto Sitges Barcelona Certificados Eficiancia Energetic C\u00e9dulas Habitabilidad Obra Nueva Edificaci\u00f3n Rehabilitaci\u00f3n Inspecci\u00f3n T\u00e9cnica Edificios ITE","breadcrumb":{"@id":"http:\/\/esarquitecto.com\/es#breadcrumb"},"inLanguage":"es","potentialAction":[{"@type":"ReadAction","target":["http:\/\/esarquitecto.com\/es"]}]},{"@type":"BreadcrumbList","@id":"http:\/\/esarquitecto.com\/es#breadcrumb","itemListElement":[{"@type":"ListItem","position":1,"name":"Home","item":"http:\/\/esarquitecto.com\/es"},{"@type":"ListItem","position":2,"name":"Esteban S\u00e1nchez Pom\u00e9s Estudio Arquitectura Sitges Barcelona"}]},{"@type":"WebSite","@id":"http:\/\/esarquitecto.com\/ca\/#website","url":"http:\/\/esarquitecto.com\/ca\/","name":"esarquitecto - Architecture Studio Sitges","description":"Esteban S\u00e1nchez Pom\u00e9s Architect","publisher":{"@id":"http:\/\/esarquitecto.com\/ca\/#organization"},"potentialAction":[{"@type":"SearchAction","target":{"@type":"EntryPoint","urlTemplate":"http:\/\/esarquitecto.com\/ca\/?s={search_term_string}"},"query-input":"required name=search_term_string"}],"inLanguage":"es"},{"@type":"Organization","@id":"http:\/\/esarquitecto.com\/ca\/#organization","name":"Esteban S\u00e1nchez Pom\u00e9s Arquitecture Studio Sitges","url":"http:\/\/esarquitecto.com\/ca\/","logo":{"@type":"ImageObject","inLanguage":"es","@id":"http:\/\/esarquitecto.com\/ca\/#\/schema\/logo\/image\/","url":"http:\/\/esarquitecto.com\/wp-content\/uploads\/2015\/11\/logo-ESP.png","contentUrl":"http:\/\/esarquitecto.com\/wp-content\/uploads\/2015\/11\/logo-ESP.png","width":1213,"height":676,"caption":"Esteban S\u00e1nchez Pom\u00e9s Arquitecture Studio Sitges"},"image":{"@id":"http:\/\/esarquitecto.com\/ca\/#\/schema\/logo\/image\/"}}]}},"_links":{"self":[{"href":"http:\/\/esarquitecto.com\/es\/wp-json\/wp\/v2\/pages\/16909"}],"collection":[{"href":"http:\/\/esarquitecto.com\/es\/wp-json\/wp\/v2\/pages"}],"about":[{"href":"http:\/\/esarquitecto.com\/es\/wp-json\/wp\/v2\/types\/page"}],"author":[{"embeddable":true,"href":"http:\/\/esarquitecto.com\/es\/wp-json\/wp\/v2\/users\/1"}],"replies":[{"embeddable":true,"href":"http:\/\/esarquitecto.com\/es\/wp-json\/wp\/v2\/comments?post=16909"}],"version-history":[{"count":0,"href":"http:\/\/esarquitecto.com\/es\/wp-json\/wp\/v2\/pages\/16909\/revisions"}],"wp:attachment":[{"href":"http:\/\/esarquitecto.com\/es\/wp-json\/wp\/v2\/media?parent=16909"}],"curies":[{"name":"wp","href":"https:\/\/api.w.org\/{rel}","templated":true}]}}