{"id":16812,"date":"2014-08-29T09:16:53","date_gmt":"2014-08-29T09:16:53","guid":{"rendered":"http:\/\/esarquitecto.com\/es\/the-studio"},"modified":"2019-08-13T08:56:25","modified_gmt":"2019-08-13T08:56:25","slug":"estudio-arquitectura","status":"publish","type":"page","link":"http:\/\/esarquitecto.com\/es\/estudio-arquitectura","title":{"rendered":"Estudio Arquitectura"},"content":{"rendered":"<div class=\"wpb-content-wrapper\"><p>[vc_row css_animation=\u00bb\u00bb row_type=\u00bbrow\u00bb use_row_as_full_screen_section=\u00bbno\u00bb type=\u00bbgrid\u00bb angled_section=\u00bbno\u00bb text_align=\u00bbleft\u00bb background_image_as_pattern=\u00bbwithout_pattern\u00bb padding_top=\u00bb60&#8243;][vc_column][vc_row_inner row_type=\u00bbrow\u00bb type=\u00bbfull_width\u00bb text_align=\u00bbleft\u00bb css_animation=\u00bb\u00bb][vc_column_inner width=\u00bb2\/3&#8243;][vc_column_text]<\/p>\n<h1>El Estudio\u00a0Arquitectura Esteban S\u00e1nchez Pom\u00e9s<\/h1>\n<p>[\/vc_column_text][vc_separator type=\u00bbtransparent\u00bb up=\u00bb20&#8243; down=\u00bb0&#8243;][vc_column_text]El estudio de arquitectura fue creado en el a\u00f1o 1999 por <strong>Esteban S\u00e1nchez Pom\u00e9s<\/strong>, <strong>arquitecto<\/strong>.<br \/>\n<em>Esteban S\u00e1nchez Pom\u00e9s<\/em> se licenci\u00f3 en 1999 por la Escuela T\u00e9cnica Superior de Arquitectura de Barcelona, perteneciente a la Universidad Polit\u00e9cnica de Catalu\u00f1a.<\/p>\n<ul>\n<li>En el a\u00f1o 2000 realiz\u00f3 el Postgrado en Gesti\u00f3n Urban\u00edstica de la Fundaci\u00f3n Polit\u00e9cnica de Catalu\u00f1a.<\/li>\n<li>En el a\u00f1o 2001 realiz\u00f3 el Postgrado en Reparcelaciones y Compensaciones Urban\u00edsticas de la Fundaci\u00f3n Polit\u00e9cnica de Catalu\u00f1a.<\/li>\n<li>En el a\u00f1o 2001 realiz\u00f3 el Postgrado en Estudios de Viabilidad de Proyectos Inmobiliarios y Urbanos de la Fundaci\u00f3n Polit\u00e9cnica de Catalu\u00f1a.<\/li>\n<li>En el a\u00f1o 2001 realiz\u00f3 el Postgrado en Valoraciones Urban\u00edsticas de la Fundaci\u00f3n Polit\u00e9cnica de Catalu\u00f1a.<\/li>\n<\/ul>\n<p>[\/vc_column_text][vc_separator type=\u00bbtransparent\u00bb up=\u00bb59&#8243; down=\u00bb0&#8243;][\/vc_column_inner][vc_column_inner width=\u00bb1\/3&#8243;][vc_single_image image=\u00bb15924&#8243; img_size=\u00bbfull\u00bb qode_css_animation=\u00bbelement_from_fade\u00bb transition_delay=\u00bb0.2&#8243;][vc_separator type=\u00bbtransparent\u00bb up=\u00bb30&#8243; down=\u00bb0&#8243;][vc_column_text]<\/p>\n<h5><strong>Esteban S\u00e1nchez Pom\u00e9s<\/strong>,\u00a0Arquitecto<\/h5>\n<p>[\/vc_column_text][vc_separator type=\u00bbtransparent\u00bb up=\u00bb20&#8243; down=\u00bb0&#8243;][vc_column_text]Nacido en Barcelona, el 2 de febrero de 1972.<\/p>\n<p>Licenciado en Arquitectura en la ETSAB (Escuela T\u00e9cnica Superior de Arquitectura de Barcelona)[\/vc_column_text][vc_separator type=\u00bbtransparent\u00bb up=\u00bb20&#8243; down=\u00bb0&#8243;][\/vc_column_inner][\/vc_row_inner][\/vc_column][\/vc_row][vc_row css_animation=\u00bb\u00bb row_type=\u00bbrow\u00bb use_row_as_full_screen_section=\u00bbno\u00bb type=\u00bbgrid\u00bb angled_section=\u00bbno\u00bb text_align=\u00bbleft\u00bb background_image_as_pattern=\u00bbwithout_pattern\u00bb][vc_column][vc_separator type=\u00bbnormal\u00bb][\/vc_column][\/vc_row][vc_row css_animation=\u00bb\u00bb row_type=\u00bbrow\u00bb use_row_as_full_screen_section=\u00bbno\u00bb type=\u00bbgrid\u00bb angled_section=\u00bbno\u00bb text_align=\u00bbleft\u00bb background_image_as_pattern=\u00bbwithout_pattern\u00bb padding_top=\u00bb60&#8243;][vc_column][vc_column_text]<\/p>\n<h5>El Estudio:\u00a0Colaboradores<\/h5>\n<p>[\/vc_column_text][vc_separator type=\u00bbtransparent\u00bb up=\u00bb30&#8243; down=\u00bb0&#8243;][vc_row_inner row_type=\u00bbrow\u00bb type=\u00bbfull_width\u00bb text_align=\u00bbleft\u00bb css_animation=\u00bb\u00bb][vc_column_inner width=\u00bb1\/3&#8243;][vc_column_text]<\/p>\n<h5><strong>Arquitectos<\/strong><\/h5>\n<p>[\/vc_column_text][vc_separator type=\u00bbtransparent\u00bb up=\u00bb20&#8243; down=\u00bb0&#8243;][vc_column_text]<\/p>\n<ul>\n<li><strong>Eduardo P\u00e9rez-Ullivarri Oller<\/strong>\u00a0Arquitecto &#8211; Espa\u00f1a<\/li>\n<li><strong>Gustavo Gumbau<\/strong> Arquitecto &#8211; Espa\u00f1a<\/li>\n<li><strong>Aur\u00e9lie Louvion<\/strong> Arquitecta &#8211;\u00a0Francia<\/li>\n<li><strong>David Guija Alcaraz<\/strong>\u00a0Arquitecto &#8211; Espa\u00f1a<\/li>\n<li><strong>Jairo Alberto Noguera Anaya<\/strong>\u00a0Arquitecto &#8211; Colombia<\/li>\n<li><strong>Antonio Emmanuel Vecchini Santaella<\/strong> Arquitecto &#8211; Puerto Rico<\/li>\n<li><strong>Gustavo Possos<\/strong> Arquitecto &#8211; Colombia<\/li>\n<li><strong>Mario Arag\u00f3n Moya<\/strong>\u00a0Ingeniero Industrial &#8211; Spain<\/li>\n<\/ul>\n<p>[\/vc_column_text][vc_separator type=\u00bbtransparent\u00bb up=\u00bb59&#8243; down=\u00bb0&#8243;][\/vc_column_inner][vc_column_inner width=\u00bb1\/3&#8243;][vc_column_text]<\/p>\n<h5><strong>Arquitectos T\u00e9cnicos<\/strong><\/h5>\n<p>[\/vc_column_text][vc_separator type=\u00bbtransparent\u00bb up=\u00bb20&#8243; down=\u00bb0&#8243;][vc_column_text]<\/p>\n<ul>\n<li><strong>Joan Boix Sala<\/strong>\u00a0Arquitecto T\u00e9cnico\u00a0&#8211;\u00a0Espa\u00f1a<\/li>\n<li><strong>Antonio Villena Mart\u00ednez<\/strong> Arquitecto T\u00e9cnico\u00a0&#8211;\u00a0Espa\u00f1a<\/li>\n<li><strong>Patricia S\u00e1nchez Pom\u00e9s<\/strong> Arquitecto T\u00e9cnico\u00a0&#8211;\u00a0Espa\u00f1a<\/li>\n<\/ul>\n<p>[\/vc_column_text][vc_separator type=\u00bbtransparent\u00bb up=\u00bb20&#8243; down=\u00bb0&#8243;][\/vc_column_inner][vc_column_inner width=\u00bb1\/3&#8243;][vc_column_text]<\/p>\n<h5><strong>Otros Profesionales<\/strong><\/h5>\n<p>[\/vc_column_text][vc_separator type=\u00bbtransparent\u00bb up=\u00bb20&#8243; down=\u00bb0&#8243;][vc_column_text]<\/p>\n<ul>\n<li><a href=\"http:\/\/www.nolac.net\/\" target=\"_blank\" rel=\"noopener noreferrer\"><strong>NOLAC<\/strong> C\u00e1lculo de Estructuras<\/a> &#8211; Espa\u00f1a<\/li>\n<li><strong>SAGA<\/strong> Ingenier\u00eda &#8211; Espa\u00f1a<\/li>\n<li><strong>GESCON<\/strong>\u00a0ingenier\u00eda &#8211; Espa\u00f1a<\/li>\n<li><a href=\"http:\/\/lamanigua.com\/\" target=\"_blank\" rel=\"noopener noreferrer\"><strong>LA MANIGUA<\/strong>\u00a0Paisajismo<\/a> &#8211; Espa\u00f1a<\/li>\n<li><strong>DOSBASSO<\/strong>\u00a0Arquitecto Interiorista &#8211; Espa\u00f1a<\/li>\n<\/ul>\n<p>[\/vc_column_text][vc_separator type=\u00bbtransparent\u00bb up=\u00bb59&#8243; down=\u00bb0&#8243;][\/vc_column_inner][\/vc_row_inner][vc_separator type=\u00bbtransparent\u00bb up=\u00bb30&#8243; down=\u00bb0&#8243;][\/vc_column][\/vc_row]<\/p>\n<\/div>","protected":false},"excerpt":{"rendered":"<p>[vc_row css_animation=\u00bb\u00bb row_type=\u00bbrow\u00bb use_row_as_full_screen_section=\u00bbno\u00bb type=\u00bbgrid\u00bb angled_section=\u00bbno\u00bb text_align=\u00bbleft\u00bb background_image_as_pattern=\u00bbwithout_pattern\u00bb padding_top=\u00bb60&#8243;][vc_column][vc_row_inner row_type=\u00bbrow\u00bb type=\u00bbfull_width\u00bb text_align=\u00bbleft\u00bb css_animation=\u00bb\u00bb][vc_column_inner width=\u00bb2\/3&#8243;][vc_column_text] El Estudio\u00a0Arquitectura Esteban S\u00e1nchez Pom\u00e9s [\/vc_column_text][vc_separator type=\u00bbtransparent\u00bb up=\u00bb20&#8243; down=\u00bb0&#8243;][vc_column_text]El estudio de arquitectura fue creado en el a\u00f1o 1999 por Esteban S\u00e1nchez Pom\u00e9s, arquitecto. Esteban S\u00e1nchez Pom\u00e9s se licenci\u00f3 en 1999 por&#8230;<\/p>\n","protected":false},"author":1,"featured_media":0,"parent":0,"menu_order":0,"comment_status":"open","ping_status":"open","template":"full_width.php","meta":[],"yoast_head":"<!-- This site is optimized with the Yoast SEO plugin v21.8.1 - https:\/\/yoast.com\/wordpress\/plugins\/seo\/ -->\n<title>Estudio Arquitectura - esarquitecto - Architecture Studio Sitges<\/title>\n<meta name=\"description\" content=\"Estudio Arquitectura\" \/>\n<meta name=\"robots\" content=\"index, follow, max-snippet:-1, max-image-preview:large, max-video-preview:-1\" \/>\n<link rel=\"canonical\" href=\"http:\/\/esarquitecto.com\/es\/estudio-arquitectura\" \/>\n<meta property=\"og:locale\" content=\"es_ES\" \/>\n<meta property=\"og:type\" content=\"article\" \/>\n<meta property=\"og:title\" content=\"Estudio Arquitectura - esarquitecto - Architecture Studio Sitges\" \/>\n<meta property=\"og:description\" content=\"Estudio Arquitectura\" \/>\n<meta property=\"og:url\" content=\"http:\/\/esarquitecto.com\/es\/estudio-arquitectura\" \/>\n<meta property=\"og:site_name\" content=\"esarquitecto - Architecture Studio Sitges\" \/>\n<meta property=\"article:modified_time\" content=\"2019-08-13T08:56:25+00:00\" \/>\n<meta name=\"twitter:card\" content=\"summary_large_image\" \/>\n<meta name=\"twitter:label1\" content=\"Tiempo de lectura\" \/>\n\t<meta name=\"twitter:data1\" content=\"3 minutos\" \/>\n<script type=\"application\/ld+json\" class=\"yoast-schema-graph\">{\"@context\":\"https:\/\/schema.org\",\"@graph\":[{\"@type\":\"WebPage\",\"@id\":\"http:\/\/esarquitecto.com\/es\/estudio-arquitectura\",\"url\":\"http:\/\/esarquitecto.com\/es\/estudio-arquitectura\",\"name\":\"Estudio Arquitectura - esarquitecto - Architecture Studio Sitges\",\"isPartOf\":{\"@id\":\"http:\/\/esarquitecto.com\/ca\/#website\"},\"datePublished\":\"2014-08-29T09:16:53+00:00\",\"dateModified\":\"2019-08-13T08:56:25+00:00\",\"description\":\"Estudio Arquitectura\",\"breadcrumb\":{\"@id\":\"http:\/\/esarquitecto.com\/es\/estudio-arquitectura#breadcrumb\"},\"inLanguage\":\"es\",\"potentialAction\":[{\"@type\":\"ReadAction\",\"target\":[\"http:\/\/esarquitecto.com\/es\/estudio-arquitectura\"]}]},{\"@type\":\"BreadcrumbList\",\"@id\":\"http:\/\/esarquitecto.com\/es\/estudio-arquitectura#breadcrumb\",\"itemListElement\":[{\"@type\":\"ListItem\",\"position\":1,\"name\":\"Home\",\"item\":\"http:\/\/esarquitecto.com\/es\"},{\"@type\":\"ListItem\",\"position\":2,\"name\":\"Estudio Arquitectura\"}]},{\"@type\":\"WebSite\",\"@id\":\"http:\/\/esarquitecto.com\/ca\/#website\",\"url\":\"http:\/\/esarquitecto.com\/ca\/\",\"name\":\"esarquitecto - Architecture Studio Sitges\",\"description\":\"Esteban S\u00e1nchez Pom\u00e9s Architect\",\"publisher\":{\"@id\":\"http:\/\/esarquitecto.com\/ca\/#organization\"},\"potentialAction\":[{\"@type\":\"SearchAction\",\"target\":{\"@type\":\"EntryPoint\",\"urlTemplate\":\"http:\/\/esarquitecto.com\/ca\/?s={search_term_string}\"},\"query-input\":\"required name=search_term_string\"}],\"inLanguage\":\"es\"},{\"@type\":\"Organization\",\"@id\":\"http:\/\/esarquitecto.com\/ca\/#organization\",\"name\":\"Esteban S\u00e1nchez Pom\u00e9s Arquitecture Studio Sitges\",\"url\":\"http:\/\/esarquitecto.com\/ca\/\",\"logo\":{\"@type\":\"ImageObject\",\"inLanguage\":\"es\",\"@id\":\"http:\/\/esarquitecto.com\/ca\/#\/schema\/logo\/image\/\",\"url\":\"http:\/\/esarquitecto.com\/wp-content\/uploads\/2015\/11\/logo-ESP.png\",\"contentUrl\":\"http:\/\/esarquitecto.com\/wp-content\/uploads\/2015\/11\/logo-ESP.png\",\"width\":1213,\"height\":676,\"caption\":\"Esteban S\u00e1nchez Pom\u00e9s Arquitecture Studio Sitges\"},\"image\":{\"@id\":\"http:\/\/esarquitecto.com\/ca\/#\/schema\/logo\/image\/\"}}]}<\/script>\n<!-- \/ Yoast SEO plugin. -->","yoast_head_json":{"title":"Estudio Arquitectura - esarquitecto - Architecture Studio Sitges","description":"Estudio Arquitectura","robots":{"index":"index","follow":"follow","max-snippet":"max-snippet:-1","max-image-preview":"max-image-preview:large","max-video-preview":"max-video-preview:-1"},"canonical":"http:\/\/esarquitecto.com\/es\/estudio-arquitectura","og_locale":"es_ES","og_type":"article","og_title":"Estudio Arquitectura - esarquitecto - Architecture Studio Sitges","og_description":"Estudio Arquitectura","og_url":"http:\/\/esarquitecto.com\/es\/estudio-arquitectura","og_site_name":"esarquitecto - Architecture Studio Sitges","article_modified_time":"2019-08-13T08:56:25+00:00","twitter_card":"summary_large_image","twitter_misc":{"Tiempo de lectura":"3 minutos"},"schema":{"@context":"https:\/\/schema.org","@graph":[{"@type":"WebPage","@id":"http:\/\/esarquitecto.com\/es\/estudio-arquitectura","url":"http:\/\/esarquitecto.com\/es\/estudio-arquitectura","name":"Estudio Arquitectura - esarquitecto - Architecture Studio Sitges","isPartOf":{"@id":"http:\/\/esarquitecto.com\/ca\/#website"},"datePublished":"2014-08-29T09:16:53+00:00","dateModified":"2019-08-13T08:56:25+00:00","description":"Estudio Arquitectura","breadcrumb":{"@id":"http:\/\/esarquitecto.com\/es\/estudio-arquitectura#breadcrumb"},"inLanguage":"es","potentialAction":[{"@type":"ReadAction","target":["http:\/\/esarquitecto.com\/es\/estudio-arquitectura"]}]},{"@type":"BreadcrumbList","@id":"http:\/\/esarquitecto.com\/es\/estudio-arquitectura#breadcrumb","itemListElement":[{"@type":"ListItem","position":1,"name":"Home","item":"http:\/\/esarquitecto.com\/es"},{"@type":"ListItem","position":2,"name":"Estudio Arquitectura"}]},{"@type":"WebSite","@id":"http:\/\/esarquitecto.com\/ca\/#website","url":"http:\/\/esarquitecto.com\/ca\/","name":"esarquitecto - Architecture Studio Sitges","description":"Esteban S\u00e1nchez Pom\u00e9s Architect","publisher":{"@id":"http:\/\/esarquitecto.com\/ca\/#organization"},"potentialAction":[{"@type":"SearchAction","target":{"@type":"EntryPoint","urlTemplate":"http:\/\/esarquitecto.com\/ca\/?s={search_term_string}"},"query-input":"required name=search_term_string"}],"inLanguage":"es"},{"@type":"Organization","@id":"http:\/\/esarquitecto.com\/ca\/#organization","name":"Esteban S\u00e1nchez Pom\u00e9s Arquitecture Studio Sitges","url":"http:\/\/esarquitecto.com\/ca\/","logo":{"@type":"ImageObject","inLanguage":"es","@id":"http:\/\/esarquitecto.com\/ca\/#\/schema\/logo\/image\/","url":"http:\/\/esarquitecto.com\/wp-content\/uploads\/2015\/11\/logo-ESP.png","contentUrl":"http:\/\/esarquitecto.com\/wp-content\/uploads\/2015\/11\/logo-ESP.png","width":1213,"height":676,"caption":"Esteban S\u00e1nchez Pom\u00e9s Arquitecture Studio Sitges"},"image":{"@id":"http:\/\/esarquitecto.com\/ca\/#\/schema\/logo\/image\/"}}]}},"_links":{"self":[{"href":"http:\/\/esarquitecto.com\/es\/wp-json\/wp\/v2\/pages\/16812"}],"collection":[{"href":"http:\/\/esarquitecto.com\/es\/wp-json\/wp\/v2\/pages"}],"about":[{"href":"http:\/\/esarquitecto.com\/es\/wp-json\/wp\/v2\/types\/page"}],"author":[{"embeddable":true,"href":"http:\/\/esarquitecto.com\/es\/wp-json\/wp\/v2\/users\/1"}],"replies":[{"embeddable":true,"href":"http:\/\/esarquitecto.com\/es\/wp-json\/wp\/v2\/comments?post=16812"}],"version-history":[{"count":0,"href":"http:\/\/esarquitecto.com\/es\/wp-json\/wp\/v2\/pages\/16812\/revisions"}],"wp:attachment":[{"href":"http:\/\/esarquitecto.com\/es\/wp-json\/wp\/v2\/media?parent=16812"}],"curies":[{"name":"wp","href":"https:\/\/api.w.org\/{rel}","templated":true}]}}