{"id":16910,"date":"2014-05-20T07:51:11","date_gmt":"2014-05-20T07:51:11","guid":{"rendered":"http:\/\/esarquitecto.com\/ca\/home"},"modified":"2015-12-03T22:36:57","modified_gmt":"2015-12-03T22:36:57","slug":"home","status":"publish","type":"page","link":"http:\/\/esarquitecto.com\/ca","title":{"rendered":"Esteban S\u00e1nchez Pom\u00e9s Estudi Arquitectura Sitges Barcelona"},"content":{"rendered":"<div class=\"wpb-content-wrapper\"><p>[vc_row row_type=&#8221;row&#8221; use_row_as_full_screen_section=&#8221;no&#8221; type=&#8221;full_width&#8221; angled_section=&#8221;no&#8221; text_align=&#8221;center&#8221; background_image_as_pattern=&#8221;without_pattern&#8221; css_animation=&#8221;&#8221;][vc_column][vc_separator type=&#8221;transparent&#8221; up=&#8221;20&#8243; down=&#8221;20&#8243;][vc_column_text]<\/p>\n<h1 style=\"text-align: center;\">Esteban S\u00e1nchez Pom\u00e9s Estudi Arquitectura<\/h1>\n<h2 style=\"text-align: center;\">Sitges Barcelona Estudi Arquitectura<\/h2>\n<p>[\/vc_column_text][vc_separator type=&#8221;transparent&#8221; up=&#8221;10&#8243; down=&#8221;10&#8243;][\/vc_column][\/vc_row]<\/p>\n<\/div>","protected":false},"excerpt":{"rendered":"<p>[vc_row row_type=&#8221;row&#8221; use_row_as_full_screen_section=&#8221;no&#8221; type=&#8221;full_width&#8221; angled_section=&#8221;no&#8221; text_align=&#8221;center&#8221; background_image_as_pattern=&#8221;without_pattern&#8221; css_animation=&#8221;&#8221;][vc_column][vc_separator type=&#8221;transparent&#8221; up=&#8221;20&#8243; down=&#8221;20&#8243;][vc_column_text] Esteban S\u00e1nchez Pom\u00e9s Estudi Arquitectura Sitges Barcelona Estudi Arquitectura [\/vc_column_text][vc_separator type=&#8221;transparent&#8221; up=&#8221;10&#8243; down=&#8221;10&#8243;][\/vc_column][\/vc_row]<\/p>\n","protected":false},"author":1,"featured_media":0,"parent":0,"menu_order":0,"comment_status":"open","ping_status":"open","template":"full_width.php","meta":[],"yoast_head":"<!-- This site is optimized with the Yoast SEO plugin v21.8.1 - https:\/\/yoast.com\/wordpress\/plugins\/seo\/ -->\n<title>Esteban S\u00e1nchez Pom\u00e9s Estudi Arquitectura Sitges Barcelona - esarquitecto - Architecture Studio Sitges<\/title>\n<meta name=\"description\" content=\"Esteban S\u00e1nchez Pom\u00e9s Estudi Arquitectura Sitges Barcelona\" \/>\n<meta name=\"robots\" content=\"index, follow, max-snippet:-1, max-image-preview:large, max-video-preview:-1\" \/>\n<link rel=\"canonical\" href=\"http:\/\/esarquitecto.com\/ca\" \/>\n<meta property=\"og:locale\" content=\"ca_ES\" \/>\n<meta property=\"og:type\" content=\"article\" \/>\n<meta property=\"og:title\" content=\"Esteban S\u00e1nchez Pom\u00e9s Estudi Arquitectura Sitges Barcelona - esarquitecto - Architecture Studio Sitges\" \/>\n<meta property=\"og:description\" content=\"Esteban S\u00e1nchez Pom\u00e9s Estudi Arquitectura Sitges Barcelona\" \/>\n<meta property=\"og:url\" content=\"http:\/\/esarquitecto.com\/ca\" \/>\n<meta property=\"og:site_name\" content=\"esarquitecto - Architecture Studio Sitges\" \/>\n<meta property=\"article:modified_time\" content=\"2015-12-03T22:36:57+00:00\" \/>\n<meta name=\"twitter:card\" content=\"summary_large_image\" \/>\n<script type=\"application\/ld+json\" class=\"yoast-schema-graph\">{\"@context\":\"https:\/\/schema.org\",\"@graph\":[{\"@type\":\"WebPage\",\"@id\":\"http:\/\/esarquitecto.com\/ca\",\"url\":\"http:\/\/esarquitecto.com\/ca\",\"name\":\"Esteban S\u00e1nchez Pom\u00e9s Estudi Arquitectura Sitges Barcelona - esarquitecto - Architecture Studio Sitges\",\"isPartOf\":{\"@id\":\"http:\/\/esarquitecto.com\/ca\/#website\"},\"datePublished\":\"2014-05-20T07:51:11+00:00\",\"dateModified\":\"2015-12-03T22:36:57+00:00\",\"description\":\"Esteban S\u00e1nchez Pom\u00e9s Estudi Arquitectura Sitges Barcelona\",\"breadcrumb\":{\"@id\":\"http:\/\/esarquitecto.com\/ca#breadcrumb\"},\"inLanguage\":\"ca\",\"potentialAction\":[{\"@type\":\"ReadAction\",\"target\":[\"http:\/\/esarquitecto.com\/ca\"]}]},{\"@type\":\"BreadcrumbList\",\"@id\":\"http:\/\/esarquitecto.com\/ca#breadcrumb\",\"itemListElement\":[{\"@type\":\"ListItem\",\"position\":1,\"name\":\"Home\",\"item\":\"http:\/\/esarquitecto.com\/ca\"},{\"@type\":\"ListItem\",\"position\":2,\"name\":\"Esteban S\u00e1nchez Pom\u00e9s Estudi Arquitectura Sitges Barcelona\"}]},{\"@type\":\"WebSite\",\"@id\":\"http:\/\/esarquitecto.com\/ca\/#website\",\"url\":\"http:\/\/esarquitecto.com\/ca\/\",\"name\":\"esarquitecto - Architecture Studio Sitges\",\"description\":\"Esteban S\u00e1nchez Pom\u00e9s Architect\",\"publisher\":{\"@id\":\"http:\/\/esarquitecto.com\/ca\/#organization\"},\"potentialAction\":[{\"@type\":\"SearchAction\",\"target\":{\"@type\":\"EntryPoint\",\"urlTemplate\":\"http:\/\/esarquitecto.com\/ca\/?s={search_term_string}\"},\"query-input\":\"required name=search_term_string\"}],\"inLanguage\":\"ca\"},{\"@type\":\"Organization\",\"@id\":\"http:\/\/esarquitecto.com\/ca\/#organization\",\"name\":\"Esteban S\u00e1nchez Pom\u00e9s Arquitecture Studio Sitges\",\"url\":\"http:\/\/esarquitecto.com\/ca\/\",\"logo\":{\"@type\":\"ImageObject\",\"inLanguage\":\"ca\",\"@id\":\"http:\/\/esarquitecto.com\/ca\/#\/schema\/logo\/image\/\",\"url\":\"http:\/\/esarquitecto.com\/wp-content\/uploads\/2015\/11\/logo-ESP.png\",\"contentUrl\":\"http:\/\/esarquitecto.com\/wp-content\/uploads\/2015\/11\/logo-ESP.png\",\"width\":1213,\"height\":676,\"caption\":\"Esteban S\u00e1nchez Pom\u00e9s Arquitecture Studio Sitges\"},\"image\":{\"@id\":\"http:\/\/esarquitecto.com\/ca\/#\/schema\/logo\/image\/\"}}]}<\/script>\n<!-- \/ Yoast SEO plugin. -->","yoast_head_json":{"title":"Esteban S\u00e1nchez Pom\u00e9s Estudi Arquitectura Sitges Barcelona - esarquitecto - Architecture Studio Sitges","description":"Esteban S\u00e1nchez Pom\u00e9s Estudi Arquitectura Sitges Barcelona","robots":{"index":"index","follow":"follow","max-snippet":"max-snippet:-1","max-image-preview":"max-image-preview:large","max-video-preview":"max-video-preview:-1"},"canonical":"http:\/\/esarquitecto.com\/ca","og_locale":"ca_ES","og_type":"article","og_title":"Esteban S\u00e1nchez Pom\u00e9s Estudi Arquitectura Sitges Barcelona - esarquitecto - Architecture Studio Sitges","og_description":"Esteban S\u00e1nchez Pom\u00e9s Estudi Arquitectura Sitges Barcelona","og_url":"http:\/\/esarquitecto.com\/ca","og_site_name":"esarquitecto - Architecture Studio Sitges","article_modified_time":"2015-12-03T22:36:57+00:00","twitter_card":"summary_large_image","schema":{"@context":"https:\/\/schema.org","@graph":[{"@type":"WebPage","@id":"http:\/\/esarquitecto.com\/ca","url":"http:\/\/esarquitecto.com\/ca","name":"Esteban S\u00e1nchez Pom\u00e9s Estudi Arquitectura Sitges Barcelona - esarquitecto - Architecture Studio Sitges","isPartOf":{"@id":"http:\/\/esarquitecto.com\/ca\/#website"},"datePublished":"2014-05-20T07:51:11+00:00","dateModified":"2015-12-03T22:36:57+00:00","description":"Esteban S\u00e1nchez Pom\u00e9s Estudi Arquitectura Sitges Barcelona","breadcrumb":{"@id":"http:\/\/esarquitecto.com\/ca#breadcrumb"},"inLanguage":"ca","potentialAction":[{"@type":"ReadAction","target":["http:\/\/esarquitecto.com\/ca"]}]},{"@type":"BreadcrumbList","@id":"http:\/\/esarquitecto.com\/ca#breadcrumb","itemListElement":[{"@type":"ListItem","position":1,"name":"Home","item":"http:\/\/esarquitecto.com\/ca"},{"@type":"ListItem","position":2,"name":"Esteban S\u00e1nchez Pom\u00e9s Estudi Arquitectura Sitges Barcelona"}]},{"@type":"WebSite","@id":"http:\/\/esarquitecto.com\/ca\/#website","url":"http:\/\/esarquitecto.com\/ca\/","name":"esarquitecto - Architecture Studio Sitges","description":"Esteban S\u00e1nchez Pom\u00e9s Architect","publisher":{"@id":"http:\/\/esarquitecto.com\/ca\/#organization"},"potentialAction":[{"@type":"SearchAction","target":{"@type":"EntryPoint","urlTemplate":"http:\/\/esarquitecto.com\/ca\/?s={search_term_string}"},"query-input":"required name=search_term_string"}],"inLanguage":"ca"},{"@type":"Organization","@id":"http:\/\/esarquitecto.com\/ca\/#organization","name":"Esteban S\u00e1nchez Pom\u00e9s Arquitecture Studio Sitges","url":"http:\/\/esarquitecto.com\/ca\/","logo":{"@type":"ImageObject","inLanguage":"ca","@id":"http:\/\/esarquitecto.com\/ca\/#\/schema\/logo\/image\/","url":"http:\/\/esarquitecto.com\/wp-content\/uploads\/2015\/11\/logo-ESP.png","contentUrl":"http:\/\/esarquitecto.com\/wp-content\/uploads\/2015\/11\/logo-ESP.png","width":1213,"height":676,"caption":"Esteban S\u00e1nchez Pom\u00e9s Arquitecture Studio Sitges"},"image":{"@id":"http:\/\/esarquitecto.com\/ca\/#\/schema\/logo\/image\/"}}]}},"_links":{"self":[{"href":"http:\/\/esarquitecto.com\/ca\/wp-json\/wp\/v2\/pages\/16910"}],"collection":[{"href":"http:\/\/esarquitecto.com\/ca\/wp-json\/wp\/v2\/pages"}],"about":[{"href":"http:\/\/esarquitecto.com\/ca\/wp-json\/wp\/v2\/types\/page"}],"author":[{"embeddable":true,"href":"http:\/\/esarquitecto.com\/ca\/wp-json\/wp\/v2\/users\/1"}],"replies":[{"embeddable":true,"href":"http:\/\/esarquitecto.com\/ca\/wp-json\/wp\/v2\/comments?post=16910"}],"version-history":[{"count":0,"href":"http:\/\/esarquitecto.com\/ca\/wp-json\/wp\/v2\/pages\/16910\/revisions"}],"wp:attachment":[{"href":"http:\/\/esarquitecto.com\/ca\/wp-json\/wp\/v2\/media?parent=16910"}],"curies":[{"name":"wp","href":"https:\/\/api.w.org\/{rel}","templated":true}]}}