{"id":16854,"date":"2014-03-28T11:27:19","date_gmt":"2014-03-28T11:27:19","guid":{"rendered":"http:\/\/esarquitecto.com\/ca\/services"},"modified":"2016-01-11T10:59:26","modified_gmt":"2016-01-11T10:59:26","slug":"serveis","status":"publish","type":"page","link":"http:\/\/esarquitecto.com\/ca\/serveis","title":{"rendered":"Serveis"},"content":{"rendered":"<div class=\"wpb-content-wrapper\"><p>[vc_row row_type=&#8221;row&#8221; use_row_as_full_screen_section=&#8221;no&#8221; type=&#8221;grid&#8221; angled_section=&#8221;no&#8221; text_align=&#8221;left&#8221; background_image_as_pattern=&#8221;without_pattern&#8221; background_color=&#8221;#ffffff&#8221; padding_top=&#8221;87&#8243; padding_bottom=&#8221;80&#8243; css_animation=&#8221;&#8221;][vc_column][vc_column_text]<\/p>\n<h2 style=\"text-align: center;\"><strong>ESARQUITECTO\u00a0SERVEIS<\/strong><\/h2>\n<p>[\/vc_column_text][vc_separator type=&#8221;transparent&#8221; up=&#8221;7&#8243; down=&#8221;38&#8243;][vc_column_text]<\/p>\n<p style=\"text-align: center;\"><strong>ESARQUITECTO<\/strong> compta amb un equip multidisciplinari capa\u00e7 de desenvolupar tot tipus de projectes a mida en el camp de <strong>l&#8217;arquitectura<\/strong> , <strong>l&#8217;urbanisme<\/strong> i <strong>interiorisme<\/strong> , que ofereix una qualitat i serveis t\u00e8cnics exclusius eficients que proporcionen solucions a les m\u00faltiples facetes que actualment presenta el m\u00f3n de la arquitectura<\/p>\n<p>[\/vc_column_text][vc_separator type=&#8221;transparent&#8221; up=&#8221;38&#8243; down=&#8221;19&#8243;][vc_row_inner row_type=&#8221;row&#8221; type=&#8221;full_width&#8221; text_align=&#8221;left&#8221; css_animation=&#8221;&#8221;][vc_column_inner width=&#8221;1\/6&#8243;][vc_column_text]<\/p>\n<h2 style=\"text-align: center;\"><a href=\"\/esarquitecto?page_id=16901\"><img decoding=\"async\" loading=\"lazy\" class=\"aligncenter wp-image-16029\" src=\"http:\/\/esarquitecto.com\/wp-content\/uploads\/2014\/03\/single-family-house-150x150.png\" alt=\"single-family-house\" width=\"30\" height=\"30\" srcset=\"http:\/\/esarquitecto.com\/wp-content\/uploads\/2014\/03\/single-family-house-150x150.png 150w, http:\/\/esarquitecto.com\/wp-content\/uploads\/2014\/03\/single-family-house-300x300.png 300w, http:\/\/esarquitecto.com\/wp-content\/uploads\/2014\/03\/single-family-house-570x570.png 570w, http:\/\/esarquitecto.com\/wp-content\/uploads\/2014\/03\/single-family-house-500x500.png 500w, http:\/\/esarquitecto.com\/wp-content\/uploads\/2014\/03\/single-family-house.png 595w\" sizes=\"(max-width: 30px) 100vw, 30px\" \/><\/a><\/h2>\n<h2 style=\"text-align: center;\"><a href=\"\/esarquitecto?page_id=16901\">HABITATGE UNIFAMILIAR<\/a><\/h2>\n<p style=\"text-align: center;\"><a href=\"\/esarquitecto?page_id=16901\">+ info<\/a><\/p>\n<p>[\/vc_column_text][vc_separator type=&#8221;transparent&#8221; up=&#8221;10&#8243; down=&#8221;20&#8243;][\/vc_column_inner][vc_column_inner width=&#8221;1\/6&#8243;][vc_column_text]<\/p>\n<h2 style=\"text-align: center;\"><a href=\"\/esarquitecto?page_id=16893\"><img decoding=\"async\" loading=\"lazy\" class=\"aligncenter wp-image-16026\" src=\"http:\/\/esarquitecto.com\/wp-content\/uploads\/2014\/03\/multifamily-housing-300x300.png\" alt=\"multifamily-housing\" width=\"30\" height=\"30\" srcset=\"http:\/\/esarquitecto.com\/wp-content\/uploads\/2014\/03\/multifamily-housing-300x300.png 300w, http:\/\/esarquitecto.com\/wp-content\/uploads\/2014\/03\/multifamily-housing-150x150.png 150w, http:\/\/esarquitecto.com\/wp-content\/uploads\/2014\/03\/multifamily-housing-570x570.png 570w, http:\/\/esarquitecto.com\/wp-content\/uploads\/2014\/03\/multifamily-housing-500x500.png 500w, http:\/\/esarquitecto.com\/wp-content\/uploads\/2014\/03\/multifamily-housing.png 595w\" sizes=\"(max-width: 30px) 100vw, 30px\" \/><\/a><\/h2>\n<h2 style=\"text-align: center;\"><a href=\"\/esarquitecto?page_id=16893\">HABITATGE PLURIFAMILIAR<\/a><\/h2>\n<p style=\"text-align: center;\"><a href=\"\/esarquitecto?page_id=16893\">+ info<\/a><\/p>\n<p>[\/vc_column_text][vc_separator type=&#8221;transparent&#8221; up=&#8221;10&#8243; down=&#8221;20&#8243;][\/vc_column_inner][vc_column_inner width=&#8221;1\/6&#8243;][vc_column_text]<\/p>\n<h2 style=\"text-align: center;\"><a href=\"\/esarquitecto?page_id=16866\"><img decoding=\"async\" loading=\"lazy\" class=\"aligncenter wp-image-16023\" src=\"http:\/\/esarquitecto.com\/wp-content\/uploads\/2014\/03\/rehabilitation-300x300.png\" alt=\"rehabilitation\" width=\"30\" height=\"30\" srcset=\"http:\/\/esarquitecto.com\/wp-content\/uploads\/2014\/03\/rehabilitation-300x300.png 300w, http:\/\/esarquitecto.com\/wp-content\/uploads\/2014\/03\/rehabilitation-150x150.png 150w, http:\/\/esarquitecto.com\/wp-content\/uploads\/2014\/03\/rehabilitation-570x570.png 570w, http:\/\/esarquitecto.com\/wp-content\/uploads\/2014\/03\/rehabilitation-500x500.png 500w, http:\/\/esarquitecto.com\/wp-content\/uploads\/2014\/03\/rehabilitation.png 595w\" sizes=\"(max-width: 30px) 100vw, 30px\" \/><\/a><\/h2>\n<h2 style=\"text-align: center;\"><a href=\"\/esarquitecto?page_id=16866\">REHABILITACI\u00d3<\/a><\/h2>\n<p style=\"text-align: center;\"><a href=\"\/esarquitecto?page_id=16866\">+ info<\/a><\/p>\n<p>[\/vc_column_text][vc_separator type=&#8221;transparent&#8221; up=&#8221;10&#8243; down=&#8221;20&#8243;][\/vc_column_inner][vc_column_inner width=&#8221;1\/6&#8243;][vc_column_text]<\/p>\n<h2 style=\"text-align: center;\"><a href=\"\/esarquitecto?page_id=16885\"><img decoding=\"async\" loading=\"lazy\" class=\"alignnone wp-image-16020\" src=\"http:\/\/esarquitecto.com\/wp-content\/uploads\/2014\/03\/prefabricated-300x300.png\" alt=\"prefabricated\" width=\"30\" height=\"30\" srcset=\"http:\/\/esarquitecto.com\/wp-content\/uploads\/2014\/03\/prefabricated-300x300.png 300w, http:\/\/esarquitecto.com\/wp-content\/uploads\/2014\/03\/prefabricated-150x150.png 150w, http:\/\/esarquitecto.com\/wp-content\/uploads\/2014\/03\/prefabricated-570x570.png 570w, http:\/\/esarquitecto.com\/wp-content\/uploads\/2014\/03\/prefabricated-500x500.png 500w, http:\/\/esarquitecto.com\/wp-content\/uploads\/2014\/03\/prefabricated.png 595w\" sizes=\"(max-width: 30px) 100vw, 30px\" \/><\/a><\/h2>\n<h2 style=\"text-align: center;\"><a href=\"\/esarquitecto?page_id=16885\">HABITATGE PREFABRICAT<\/a><\/h2>\n<p style=\"text-align: center;\"><a href=\"\/esarquitecto?page_id=16885\">+ info<\/a><\/p>\n<p>[\/vc_column_text][vc_separator type=&#8221;transparent&#8221; up=&#8221;10&#8243; down=&#8221;20&#8243;][\/vc_column_inner][vc_column_inner width=&#8221;1\/6&#8243;][vc_column_text]<\/p>\n<h2 style=\"text-align: center;\"><a href=\"\/esarquitecto?page_id=16877\"><img decoding=\"async\" loading=\"lazy\" class=\"alignnone wp-image-16017\" src=\"http:\/\/esarquitecto.com\/wp-content\/uploads\/2014\/03\/equipment-trade-industry-300x300.png\" alt=\"equipment-trade-industry\" width=\"30\" height=\"30\" srcset=\"http:\/\/esarquitecto.com\/wp-content\/uploads\/2014\/03\/equipment-trade-industry-300x300.png 300w, http:\/\/esarquitecto.com\/wp-content\/uploads\/2014\/03\/equipment-trade-industry-150x150.png 150w, http:\/\/esarquitecto.com\/wp-content\/uploads\/2014\/03\/equipment-trade-industry-570x570.png 570w, http:\/\/esarquitecto.com\/wp-content\/uploads\/2014\/03\/equipment-trade-industry-500x500.png 500w, http:\/\/esarquitecto.com\/wp-content\/uploads\/2014\/03\/equipment-trade-industry.png 595w\" sizes=\"(max-width: 30px) 100vw, 30px\" \/><\/a><\/h2>\n<h2 style=\"text-align: center;\"><a href=\"\/esarquitecto?page_id=16877\">EQUIPAMENT, COMER\u00c7, IND\u00daSTRIA<\/a><\/h2>\n<p style=\"text-align: center;\"><a href=\"\/esarquitecto?page_id=16877\">+ info<\/a><\/p>\n<p>[\/vc_column_text][vc_separator type=&#8221;transparent&#8221; up=&#8221;10&#8243; down=&#8221;20&#8243;][\/vc_column_inner][vc_column_inner width=&#8221;1\/6&#8243;][vc_column_text]<\/p>\n<h2 style=\"text-align: center;\"><a href=\"\/esarquitecto?page_id=16809\"><img decoding=\"async\" loading=\"lazy\" class=\"alignnone wp-image-16014\" src=\"http:\/\/esarquitecto.com\/wp-content\/uploads\/2014\/03\/others-300x300.png\" alt=\"others\" width=\"30\" height=\"30\" srcset=\"http:\/\/esarquitecto.com\/wp-content\/uploads\/2014\/03\/others-300x300.png 300w, http:\/\/esarquitecto.com\/wp-content\/uploads\/2014\/03\/others-150x150.png 150w, http:\/\/esarquitecto.com\/wp-content\/uploads\/2014\/03\/others-570x570.png 570w, http:\/\/esarquitecto.com\/wp-content\/uploads\/2014\/03\/others-500x500.png 500w, http:\/\/esarquitecto.com\/wp-content\/uploads\/2014\/03\/others.png 595w\" sizes=\"(max-width: 30px) 100vw, 30px\" \/><\/a><\/h2>\n<h2 style=\"text-align: center;\"><a href=\"\/esarquitecto?page_id=16809\">ALTRES<\/a><\/h2>\n<p style=\"text-align: center;\"><a href=\"\/esarquitecto?page_id=16809\">+ info<\/a><\/p>\n<p>[\/vc_column_text][vc_separator type=&#8221;transparent&#8221; up=&#8221;10&#8243; down=&#8221;20&#8243;][\/vc_column_inner][\/vc_row_inner][vc_separator type=&#8221;transparent&#8221; up=&#8221;7&#8243; down=&#8221;38&#8243;][vc_separator type=&#8221;normal&#8221; up=&#8221;7&#8243; down=&#8221;38&#8243;][vc_column_text]<\/p>\n<h2 style=\"text-align: center;\"><strong>ESARQUITECTO PROC\u00c9S<\/strong><\/h2>\n<p>[\/vc_column_text][vc_separator type=&#8221;transparent&#8221; up=&#8221;7&#8243; down=&#8221;38&#8243;][qode_circles columns=&#8221;five_columns&#8221; circle_line=&#8221;no_line&#8221;][qode_circle type=&#8221;icon_type&#8221; icon=&#8221;fa-lightbulb-o&#8221; size=&#8221;fa-3x&#8221; title=&#8221;01 IDEA&#8221;][qode_circle type=&#8221;icon_type&#8221; icon=&#8221;fa-laptop&#8221; size=&#8221;fa-3x&#8221; title=&#8221;02 CONCEPTE&#8221;][qode_circle type=&#8221;icon_type&#8221; icon=&#8221;fa-signal&#8221; size=&#8221;fa-3x&#8221; title=&#8221;03 DISSENY&#8221;][qode_circle type=&#8221;icon_type&#8221; icon=&#8221;fa-spinner&#8221; size=&#8221;fa-3x&#8221; title=&#8221;04 DESENVOLUPAMENT&#8221;][qode_circle type=&#8221;icon_type&#8221; icon=&#8221;fa-building&#8221; size=&#8221;fa-3x&#8221; title=&#8221;05 EXECUCI\u00d3&#8221;][\/qode_circles][vc_separator type=&#8221;transparent&#8221; up=&#8221;30&#8243;][\/vc_column][\/vc_row]<\/p>\n<\/div>","protected":false},"excerpt":{"rendered":"<p>[vc_row row_type=&#8221;row&#8221; use_row_as_full_screen_section=&#8221;no&#8221; type=&#8221;grid&#8221; angled_section=&#8221;no&#8221; text_align=&#8221;left&#8221; background_image_as_pattern=&#8221;without_pattern&#8221; background_color=&#8221;#ffffff&#8221; padding_top=&#8221;87&#8243; padding_bottom=&#8221;80&#8243; css_animation=&#8221;&#8221;][vc_column][vc_column_text] ESARQUITECTO\u00a0SERVEIS [\/vc_column_text][vc_separator type=&#8221;transparent&#8221; up=&#8221;7&#8243; down=&#8221;38&#8243;][vc_column_text] ESARQUITECTO compta amb un equip multidisciplinari capa\u00e7 de desenvolupar tot tipus de projectes a mida en el camp de l&#8217;arquitectura , l&#8217;urbanisme i interiorisme , que ofereix una qualitat&#8230;<\/p>\n","protected":false},"author":1,"featured_media":0,"parent":0,"menu_order":0,"comment_status":"open","ping_status":"open","template":"full_width.php","meta":[],"yoast_head":"<!-- This site is optimized with the Yoast SEO plugin v21.8.1 - https:\/\/yoast.com\/wordpress\/plugins\/seo\/ -->\n<title>Serveis - esarquitecto - Architecture Studio Sitges<\/title>\n<meta name=\"description\" content=\"Serveis\" \/>\n<meta name=\"robots\" content=\"index, follow, max-snippet:-1, max-image-preview:large, max-video-preview:-1\" \/>\n<link rel=\"canonical\" href=\"http:\/\/esarquitecto.com\/ca\/serveis\" \/>\n<meta property=\"og:locale\" content=\"ca_ES\" \/>\n<meta property=\"og:type\" content=\"article\" \/>\n<meta property=\"og:title\" content=\"Serveis - esarquitecto - Architecture Studio Sitges\" \/>\n<meta property=\"og:description\" content=\"Serveis\" \/>\n<meta property=\"og:url\" content=\"http:\/\/esarquitecto.com\/ca\/serveis\" \/>\n<meta property=\"og:site_name\" content=\"esarquitecto - Architecture Studio Sitges\" \/>\n<meta property=\"article:modified_time\" content=\"2016-01-11T10:59:26+00:00\" \/>\n<meta property=\"og:image\" content=\"http:\/\/esarquitecto.com\/wp-content\/uploads\/2014\/03\/single-family-house-150x150.png\" \/>\n<meta name=\"twitter:card\" content=\"summary_large_image\" \/>\n<meta name=\"twitter:label1\" content=\"Temps estimat de lectura\" \/>\n\t<meta name=\"twitter:data1\" content=\"2 minuts\" \/>\n<script type=\"application\/ld+json\" class=\"yoast-schema-graph\">{\"@context\":\"https:\/\/schema.org\",\"@graph\":[{\"@type\":\"WebPage\",\"@id\":\"http:\/\/esarquitecto.com\/ca\/serveis\",\"url\":\"http:\/\/esarquitecto.com\/ca\/serveis\",\"name\":\"Serveis - esarquitecto - Architecture Studio Sitges\",\"isPartOf\":{\"@id\":\"http:\/\/esarquitecto.com\/ca\/#website\"},\"datePublished\":\"2014-03-28T11:27:19+00:00\",\"dateModified\":\"2016-01-11T10:59:26+00:00\",\"description\":\"Serveis\",\"breadcrumb\":{\"@id\":\"http:\/\/esarquitecto.com\/ca\/serveis#breadcrumb\"},\"inLanguage\":\"ca\",\"potentialAction\":[{\"@type\":\"ReadAction\",\"target\":[\"http:\/\/esarquitecto.com\/ca\/serveis\"]}]},{\"@type\":\"BreadcrumbList\",\"@id\":\"http:\/\/esarquitecto.com\/ca\/serveis#breadcrumb\",\"itemListElement\":[{\"@type\":\"ListItem\",\"position\":1,\"name\":\"Home\",\"item\":\"http:\/\/esarquitecto.com\/ca\"},{\"@type\":\"ListItem\",\"position\":2,\"name\":\"Serveis\"}]},{\"@type\":\"WebSite\",\"@id\":\"http:\/\/esarquitecto.com\/ca\/#website\",\"url\":\"http:\/\/esarquitecto.com\/ca\/\",\"name\":\"esarquitecto - Architecture Studio Sitges\",\"description\":\"Esteban S\u00e1nchez Pom\u00e9s Architect\",\"publisher\":{\"@id\":\"http:\/\/esarquitecto.com\/ca\/#organization\"},\"potentialAction\":[{\"@type\":\"SearchAction\",\"target\":{\"@type\":\"EntryPoint\",\"urlTemplate\":\"http:\/\/esarquitecto.com\/ca\/?s={search_term_string}\"},\"query-input\":\"required name=search_term_string\"}],\"inLanguage\":\"ca\"},{\"@type\":\"Organization\",\"@id\":\"http:\/\/esarquitecto.com\/ca\/#organization\",\"name\":\"Esteban S\u00e1nchez Pom\u00e9s Arquitecture Studio Sitges\",\"url\":\"http:\/\/esarquitecto.com\/ca\/\",\"logo\":{\"@type\":\"ImageObject\",\"inLanguage\":\"ca\",\"@id\":\"http:\/\/esarquitecto.com\/ca\/#\/schema\/logo\/image\/\",\"url\":\"http:\/\/esarquitecto.com\/wp-content\/uploads\/2015\/11\/logo-ESP.png\",\"contentUrl\":\"http:\/\/esarquitecto.com\/wp-content\/uploads\/2015\/11\/logo-ESP.png\",\"width\":1213,\"height\":676,\"caption\":\"Esteban S\u00e1nchez Pom\u00e9s Arquitecture Studio Sitges\"},\"image\":{\"@id\":\"http:\/\/esarquitecto.com\/ca\/#\/schema\/logo\/image\/\"}}]}<\/script>\n<!-- \/ Yoast SEO plugin. -->","yoast_head_json":{"title":"Serveis - esarquitecto - Architecture Studio Sitges","description":"Serveis","robots":{"index":"index","follow":"follow","max-snippet":"max-snippet:-1","max-image-preview":"max-image-preview:large","max-video-preview":"max-video-preview:-1"},"canonical":"http:\/\/esarquitecto.com\/ca\/serveis","og_locale":"ca_ES","og_type":"article","og_title":"Serveis - esarquitecto - Architecture Studio Sitges","og_description":"Serveis","og_url":"http:\/\/esarquitecto.com\/ca\/serveis","og_site_name":"esarquitecto - Architecture Studio Sitges","article_modified_time":"2016-01-11T10:59:26+00:00","og_image":[{"url":"http:\/\/esarquitecto.com\/wp-content\/uploads\/2014\/03\/single-family-house-150x150.png"}],"twitter_card":"summary_large_image","twitter_misc":{"Temps estimat de lectura":"2 minuts"},"schema":{"@context":"https:\/\/schema.org","@graph":[{"@type":"WebPage","@id":"http:\/\/esarquitecto.com\/ca\/serveis","url":"http:\/\/esarquitecto.com\/ca\/serveis","name":"Serveis - esarquitecto - Architecture Studio Sitges","isPartOf":{"@id":"http:\/\/esarquitecto.com\/ca\/#website"},"datePublished":"2014-03-28T11:27:19+00:00","dateModified":"2016-01-11T10:59:26+00:00","description":"Serveis","breadcrumb":{"@id":"http:\/\/esarquitecto.com\/ca\/serveis#breadcrumb"},"inLanguage":"ca","potentialAction":[{"@type":"ReadAction","target":["http:\/\/esarquitecto.com\/ca\/serveis"]}]},{"@type":"BreadcrumbList","@id":"http:\/\/esarquitecto.com\/ca\/serveis#breadcrumb","itemListElement":[{"@type":"ListItem","position":1,"name":"Home","item":"http:\/\/esarquitecto.com\/ca"},{"@type":"ListItem","position":2,"name":"Serveis"}]},{"@type":"WebSite","@id":"http:\/\/esarquitecto.com\/ca\/#website","url":"http:\/\/esarquitecto.com\/ca\/","name":"esarquitecto - Architecture Studio Sitges","description":"Esteban S\u00e1nchez Pom\u00e9s Architect","publisher":{"@id":"http:\/\/esarquitecto.com\/ca\/#organization"},"potentialAction":[{"@type":"SearchAction","target":{"@type":"EntryPoint","urlTemplate":"http:\/\/esarquitecto.com\/ca\/?s={search_term_string}"},"query-input":"required name=search_term_string"}],"inLanguage":"ca"},{"@type":"Organization","@id":"http:\/\/esarquitecto.com\/ca\/#organization","name":"Esteban S\u00e1nchez Pom\u00e9s Arquitecture Studio Sitges","url":"http:\/\/esarquitecto.com\/ca\/","logo":{"@type":"ImageObject","inLanguage":"ca","@id":"http:\/\/esarquitecto.com\/ca\/#\/schema\/logo\/image\/","url":"http:\/\/esarquitecto.com\/wp-content\/uploads\/2015\/11\/logo-ESP.png","contentUrl":"http:\/\/esarquitecto.com\/wp-content\/uploads\/2015\/11\/logo-ESP.png","width":1213,"height":676,"caption":"Esteban S\u00e1nchez Pom\u00e9s Arquitecture Studio Sitges"},"image":{"@id":"http:\/\/esarquitecto.com\/ca\/#\/schema\/logo\/image\/"}}]}},"_links":{"self":[{"href":"http:\/\/esarquitecto.com\/ca\/wp-json\/wp\/v2\/pages\/16854"}],"collection":[{"href":"http:\/\/esarquitecto.com\/ca\/wp-json\/wp\/v2\/pages"}],"about":[{"href":"http:\/\/esarquitecto.com\/ca\/wp-json\/wp\/v2\/types\/page"}],"author":[{"embeddable":true,"href":"http:\/\/esarquitecto.com\/ca\/wp-json\/wp\/v2\/users\/1"}],"replies":[{"embeddable":true,"href":"http:\/\/esarquitecto.com\/ca\/wp-json\/wp\/v2\/comments?post=16854"}],"version-history":[{"count":0,"href":"http:\/\/esarquitecto.com\/ca\/wp-json\/wp\/v2\/pages\/16854\/revisions"}],"wp:attachment":[{"href":"http:\/\/esarquitecto.com\/ca\/wp-json\/wp\/v2\/media?parent=16854"}],"curies":[{"name":"wp","href":"https:\/\/api.w.org\/{rel}","templated":true}]}}