{"id":16813,"date":"2014-08-29T09:16:53","date_gmt":"2014-08-29T09:16:53","guid":{"rendered":"http:\/\/esarquitecto.com\/ca\/the-studio"},"modified":"2019-08-13T08:57:33","modified_gmt":"2019-08-13T08:57:33","slug":"estudi-arquitectura","status":"publish","type":"page","link":"http:\/\/esarquitecto.com\/ca\/estudi-arquitectura","title":{"rendered":"Estudi Arquitectura"},"content":{"rendered":"<div class=\"wpb-content-wrapper\"><p>[vc_row css_animation=&#8221;&#8221; row_type=&#8221;row&#8221; use_row_as_full_screen_section=&#8221;no&#8221; type=&#8221;grid&#8221; angled_section=&#8221;no&#8221; text_align=&#8221;left&#8221; background_image_as_pattern=&#8221;without_pattern&#8221; padding_top=&#8221;60&#8243;][vc_column][vc_row_inner row_type=&#8221;row&#8221; type=&#8221;full_width&#8221; text_align=&#8221;left&#8221; css_animation=&#8221;&#8221;][vc_column_inner width=&#8221;2\/3&#8243;][vc_column_text]<\/p>\n<h1>Estudi Arquitectura\u00a0Esteban S\u00e1nchez Pom\u00e9s<\/h1>\n<p>[\/vc_column_text][vc_separator type=&#8221;transparent&#8221; up=&#8221;20&#8243; down=&#8221;0&#8243;][vc_column_text]L&#8217;estudi va ser creat l&#8217;any 1999 per <strong>Esteban S\u00e1nchez Pom\u00e9s<\/strong>, <strong>arquitecte<\/strong>.<br \/>\n<em>Esteban S\u00e1nchez Pom\u00e9s<\/em> \u00e9s va llicenciar el 1999 per l&#8217;Escola T\u00e8cnica Superior<br \/>\nd&#8217;Arquitectura de Barcelona, pertanyent a la Universitat Polit\u00e8cnica de Catalunya.<\/p>\n<ul>\n<li>A l&#8217;any 2000 va realitzar el Postgrau en Gesti\u00f3 Urban\u00edstica de la Fundaci\u00f3 Polit\u00e8cnica\u00a0de Catalunya.<\/li>\n<li>A l&#8217;any 2001 va realitzar el Postgrau en Reparcelacions i Compensacions Urban\u00edstiques\u00a0de la Fundaci\u00f3 Polit\u00e8cnica de Catalunya.<\/li>\n<li>A l&#8217;any 2001 va realitzar el Postgrau en Estudis de Viabilitat de Projectes Immobiliaris i\u00a0Urbans de la Fundaci\u00f3 Polit\u00e8cnica de Catalunya.<\/li>\n<li>A l&#8217;any 2001 va realitzar el Postgrau en Valoracions Urban\u00edstiques de la Fundaci\u00f3\u00a0Polit\u00e8cnica de Catalunya.<\/li>\n<\/ul>\n<p>[\/vc_column_text][vc_separator type=&#8221;transparent&#8221; up=&#8221;59&#8243; down=&#8221;0&#8243;][\/vc_column_inner][vc_column_inner width=&#8221;1\/3&#8243;][vc_single_image image=&#8221;15924&#8243; img_size=&#8221;full&#8221; qode_css_animation=&#8221;element_from_fade&#8221; transition_delay=&#8221;0.2&#8243;][vc_separator type=&#8221;transparent&#8221; up=&#8221;30&#8243; down=&#8221;0&#8243;][vc_column_text]<\/p>\n<h5><strong>Esteban S\u00e1nchez Pom\u00e9s<\/strong>,\u00a0Arquitecte<\/h5>\n<p>[\/vc_column_text][vc_separator type=&#8221;transparent&#8221; up=&#8221;20&#8243; down=&#8221;0&#8243;][vc_column_text]Nascut a Barcelona, el 2 de febrer de 1972.<\/p>\n<p>Llicenciat en Arquitectura a l&#8217;ETSAB (Escola T\u00e8cnica Superior de Barcelona)[\/vc_column_text][vc_separator type=&#8221;transparent&#8221; up=&#8221;20&#8243; down=&#8221;0&#8243;][\/vc_column_inner][\/vc_row_inner][\/vc_column][\/vc_row][vc_row css_animation=&#8221;&#8221; row_type=&#8221;row&#8221; use_row_as_full_screen_section=&#8221;no&#8221; type=&#8221;grid&#8221; angled_section=&#8221;no&#8221; text_align=&#8221;left&#8221; background_image_as_pattern=&#8221;without_pattern&#8221;][vc_column][vc_separator type=&#8221;normal&#8221;][\/vc_column][\/vc_row][vc_row css_animation=&#8221;&#8221; row_type=&#8221;row&#8221; use_row_as_full_screen_section=&#8221;no&#8221; type=&#8221;grid&#8221; angled_section=&#8221;no&#8221; text_align=&#8221;left&#8221; background_image_as_pattern=&#8221;without_pattern&#8221; padding_top=&#8221;60&#8243;][vc_column][vc_column_text]<\/p>\n<h5>Equip de l&#8217;Estudi: Col\u00b7laboradors<\/h5>\n<p>[\/vc_column_text][vc_separator type=&#8221;transparent&#8221; up=&#8221;30&#8243; down=&#8221;0&#8243;][vc_row_inner row_type=&#8221;row&#8221; type=&#8221;full_width&#8221; text_align=&#8221;left&#8221; css_animation=&#8221;&#8221;][vc_column_inner width=&#8221;1\/3&#8243;][vc_column_text]<\/p>\n<h5><strong>Arquitectes<\/strong><\/h5>\n<p>[\/vc_column_text][vc_separator type=&#8221;transparent&#8221; up=&#8221;20&#8243; down=&#8221;0&#8243;][vc_column_text]<\/p>\n<ul>\n<li><strong>Eduardo P\u00e9rez-Ullivarri Oller<\/strong>\u00a0Arquitecte &#8211; Espanya<\/li>\n<li><strong>Gustavo Gumbau<\/strong>\u00a0Arquitecte &#8211; Espanya<\/li>\n<li><strong>Aur\u00e9lie Louvion<\/strong>\u00a0Arquitecte &#8211; Fran\u00e7a<\/li>\n<li><strong>David Guija Alcaraz<\/strong>\u00a0Arquitecte &#8211; Espanya<\/li>\n<li><strong>Jairo Alberto Noguera Anaya<\/strong>\u00a0Arquitecte &#8211; Col\u00f2mbia<\/li>\n<li><strong>Antonio Emmanuel Vecchini Santaella<\/strong>\u00a0Arquitecte &#8211; Puerto Rico<\/li>\n<li><strong>Gustavo Possos<\/strong>\u00a0Arquitecte &#8211; Col\u00f2mbia<\/li>\n<li><strong>Mario Arag\u00f3n Moya<\/strong>\u00a0Enginyer Industrial- Espanya<\/li>\n<\/ul>\n<p>[\/vc_column_text][vc_separator type=&#8221;transparent&#8221; up=&#8221;59&#8243; down=&#8221;0&#8243;][\/vc_column_inner][vc_column_inner width=&#8221;1\/3&#8243;][vc_column_text]<\/p>\n<h5><strong>Arquitectes T\u00e8cnics<\/strong><\/h5>\n<p>[\/vc_column_text][vc_separator type=&#8221;transparent&#8221; up=&#8221;20&#8243; down=&#8221;0&#8243;][vc_column_text]<\/p>\n<ul>\n<li><strong>Joan Boix Sala<\/strong> Arquitecte T\u00e8cnic &#8211; Espanya<\/li>\n<li><strong>Antonio Villena Mart\u00ednez<\/strong> Arquitecte T\u00e8cnic &#8211; Espanya<\/li>\n<li><strong>Patricia S\u00e1nchez Pom\u00e9s<\/strong>\u00a0Arquitecte T\u00e8cnic &#8211; Espanya<\/li>\n<\/ul>\n<p>[\/vc_column_text][vc_separator type=&#8221;transparent&#8221; up=&#8221;20&#8243; down=&#8221;0&#8243;][\/vc_column_inner][vc_column_inner width=&#8221;1\/3&#8243;][vc_column_text]<\/p>\n<h5><strong>Altres\u00a0Professionals<\/strong><\/h5>\n<p>[\/vc_column_text][vc_separator type=&#8221;transparent&#8221; up=&#8221;20&#8243; down=&#8221;0&#8243;][vc_column_text]<\/p>\n<ul>\n<li><a href=\"http:\/\/www.nolac.net\/ca\/\" target=\"_blank\" rel=\"noopener noreferrer\"><strong>NOLAC<\/strong> C\u00e0lcul d&#8217;Estructures<\/a> &#8211; Espanya<\/li>\n<li><strong>SAGA<\/strong> Enginyeria &#8211; Espanya<\/li>\n<li><strong>GESCON<\/strong>\u00a0Enginyeria &#8211; Espanya<\/li>\n<li><a href=\"http:\/\/lamanigua.com\/\" target=\"_blank\" rel=\"noopener noreferrer\"><strong>LA MANIGUA<\/strong>\u00a0Paisatgisme<\/a> &#8211; Espanya<\/li>\n<li><strong>DOSBASSO<\/strong>\u00a0Arquitectes Interiors &#8211; Espanya<\/li>\n<\/ul>\n<p>[\/vc_column_text][vc_separator type=&#8221;transparent&#8221; up=&#8221;59&#8243; down=&#8221;0&#8243;][\/vc_column_inner][\/vc_row_inner][vc_separator type=&#8221;transparent&#8221; up=&#8221;30&#8243; down=&#8221;0&#8243;][\/vc_column][\/vc_row]<\/p>\n<\/div>","protected":false},"excerpt":{"rendered":"<p>[vc_row css_animation=&#8221;&#8221; row_type=&#8221;row&#8221; use_row_as_full_screen_section=&#8221;no&#8221; type=&#8221;grid&#8221; angled_section=&#8221;no&#8221; text_align=&#8221;left&#8221; background_image_as_pattern=&#8221;without_pattern&#8221; padding_top=&#8221;60&#8243;][vc_column][vc_row_inner row_type=&#8221;row&#8221; type=&#8221;full_width&#8221; text_align=&#8221;left&#8221; css_animation=&#8221;&#8221;][vc_column_inner width=&#8221;2\/3&#8243;][vc_column_text] Estudi Arquitectura\u00a0Esteban S\u00e1nchez Pom\u00e9s [\/vc_column_text][vc_separator type=&#8221;transparent&#8221; up=&#8221;20&#8243; down=&#8221;0&#8243;][vc_column_text]L&#8217;estudi va ser creat l&#8217;any 1999 per Esteban S\u00e1nchez Pom\u00e9s, arquitecte. Esteban S\u00e1nchez Pom\u00e9s \u00e9s va llicenciar el 1999 per l&#8217;Escola T\u00e8cnica Superior d&#8217;Arquitectura&#8230;<\/p>\n","protected":false},"author":1,"featured_media":0,"parent":0,"menu_order":0,"comment_status":"open","ping_status":"open","template":"full_width.php","meta":[],"yoast_head":"<!-- This site is optimized with the Yoast SEO plugin v21.8.1 - https:\/\/yoast.com\/wordpress\/plugins\/seo\/ -->\n<title>Estudi Arquitectura - esarquitecto - Architecture Studio Sitges<\/title>\n<meta name=\"description\" content=\"Estudi Arquitectura\" \/>\n<meta name=\"robots\" content=\"index, follow, max-snippet:-1, max-image-preview:large, max-video-preview:-1\" \/>\n<link rel=\"canonical\" href=\"http:\/\/esarquitecto.com\/ca\/estudi-arquitectura\" \/>\n<meta property=\"og:locale\" content=\"ca_ES\" \/>\n<meta property=\"og:type\" content=\"article\" \/>\n<meta property=\"og:title\" content=\"Estudi Arquitectura - esarquitecto - Architecture Studio Sitges\" \/>\n<meta property=\"og:description\" content=\"Estudi Arquitectura\" \/>\n<meta property=\"og:url\" content=\"http:\/\/esarquitecto.com\/ca\/estudi-arquitectura\" \/>\n<meta property=\"og:site_name\" content=\"esarquitecto - Architecture Studio Sitges\" \/>\n<meta property=\"article:modified_time\" content=\"2019-08-13T08:57:33+00:00\" \/>\n<meta name=\"twitter:card\" content=\"summary_large_image\" \/>\n<meta name=\"twitter:label1\" content=\"Temps estimat de lectura\" \/>\n\t<meta name=\"twitter:data1\" content=\"3 minuts\" \/>\n<script type=\"application\/ld+json\" class=\"yoast-schema-graph\">{\"@context\":\"https:\/\/schema.org\",\"@graph\":[{\"@type\":\"WebPage\",\"@id\":\"http:\/\/esarquitecto.com\/ca\/estudi-arquitectura\",\"url\":\"http:\/\/esarquitecto.com\/ca\/estudi-arquitectura\",\"name\":\"Estudi Arquitectura - esarquitecto - Architecture Studio Sitges\",\"isPartOf\":{\"@id\":\"http:\/\/esarquitecto.com\/ca\/#website\"},\"datePublished\":\"2014-08-29T09:16:53+00:00\",\"dateModified\":\"2019-08-13T08:57:33+00:00\",\"description\":\"Estudi Arquitectura\",\"breadcrumb\":{\"@id\":\"http:\/\/esarquitecto.com\/ca\/estudi-arquitectura#breadcrumb\"},\"inLanguage\":\"ca\",\"potentialAction\":[{\"@type\":\"ReadAction\",\"target\":[\"http:\/\/esarquitecto.com\/ca\/estudi-arquitectura\"]}]},{\"@type\":\"BreadcrumbList\",\"@id\":\"http:\/\/esarquitecto.com\/ca\/estudi-arquitectura#breadcrumb\",\"itemListElement\":[{\"@type\":\"ListItem\",\"position\":1,\"name\":\"Home\",\"item\":\"http:\/\/esarquitecto.com\/ca\"},{\"@type\":\"ListItem\",\"position\":2,\"name\":\"Estudi Arquitectura\"}]},{\"@type\":\"WebSite\",\"@id\":\"http:\/\/esarquitecto.com\/ca\/#website\",\"url\":\"http:\/\/esarquitecto.com\/ca\/\",\"name\":\"esarquitecto - Architecture Studio Sitges\",\"description\":\"Esteban S\u00e1nchez Pom\u00e9s Architect\",\"publisher\":{\"@id\":\"http:\/\/esarquitecto.com\/ca\/#organization\"},\"potentialAction\":[{\"@type\":\"SearchAction\",\"target\":{\"@type\":\"EntryPoint\",\"urlTemplate\":\"http:\/\/esarquitecto.com\/ca\/?s={search_term_string}\"},\"query-input\":\"required name=search_term_string\"}],\"inLanguage\":\"ca\"},{\"@type\":\"Organization\",\"@id\":\"http:\/\/esarquitecto.com\/ca\/#organization\",\"name\":\"Esteban S\u00e1nchez Pom\u00e9s Arquitecture Studio Sitges\",\"url\":\"http:\/\/esarquitecto.com\/ca\/\",\"logo\":{\"@type\":\"ImageObject\",\"inLanguage\":\"ca\",\"@id\":\"http:\/\/esarquitecto.com\/ca\/#\/schema\/logo\/image\/\",\"url\":\"http:\/\/esarquitecto.com\/wp-content\/uploads\/2015\/11\/logo-ESP.png\",\"contentUrl\":\"http:\/\/esarquitecto.com\/wp-content\/uploads\/2015\/11\/logo-ESP.png\",\"width\":1213,\"height\":676,\"caption\":\"Esteban S\u00e1nchez Pom\u00e9s Arquitecture Studio Sitges\"},\"image\":{\"@id\":\"http:\/\/esarquitecto.com\/ca\/#\/schema\/logo\/image\/\"}}]}<\/script>\n<!-- \/ Yoast SEO plugin. -->","yoast_head_json":{"title":"Estudi Arquitectura - esarquitecto - Architecture Studio Sitges","description":"Estudi Arquitectura","robots":{"index":"index","follow":"follow","max-snippet":"max-snippet:-1","max-image-preview":"max-image-preview:large","max-video-preview":"max-video-preview:-1"},"canonical":"http:\/\/esarquitecto.com\/ca\/estudi-arquitectura","og_locale":"ca_ES","og_type":"article","og_title":"Estudi Arquitectura - esarquitecto - Architecture Studio Sitges","og_description":"Estudi Arquitectura","og_url":"http:\/\/esarquitecto.com\/ca\/estudi-arquitectura","og_site_name":"esarquitecto - Architecture Studio Sitges","article_modified_time":"2019-08-13T08:57:33+00:00","twitter_card":"summary_large_image","twitter_misc":{"Temps estimat de lectura":"3 minuts"},"schema":{"@context":"https:\/\/schema.org","@graph":[{"@type":"WebPage","@id":"http:\/\/esarquitecto.com\/ca\/estudi-arquitectura","url":"http:\/\/esarquitecto.com\/ca\/estudi-arquitectura","name":"Estudi Arquitectura - esarquitecto - Architecture Studio Sitges","isPartOf":{"@id":"http:\/\/esarquitecto.com\/ca\/#website"},"datePublished":"2014-08-29T09:16:53+00:00","dateModified":"2019-08-13T08:57:33+00:00","description":"Estudi Arquitectura","breadcrumb":{"@id":"http:\/\/esarquitecto.com\/ca\/estudi-arquitectura#breadcrumb"},"inLanguage":"ca","potentialAction":[{"@type":"ReadAction","target":["http:\/\/esarquitecto.com\/ca\/estudi-arquitectura"]}]},{"@type":"BreadcrumbList","@id":"http:\/\/esarquitecto.com\/ca\/estudi-arquitectura#breadcrumb","itemListElement":[{"@type":"ListItem","position":1,"name":"Home","item":"http:\/\/esarquitecto.com\/ca"},{"@type":"ListItem","position":2,"name":"Estudi Arquitectura"}]},{"@type":"WebSite","@id":"http:\/\/esarquitecto.com\/ca\/#website","url":"http:\/\/esarquitecto.com\/ca\/","name":"esarquitecto - Architecture Studio Sitges","description":"Esteban S\u00e1nchez Pom\u00e9s Architect","publisher":{"@id":"http:\/\/esarquitecto.com\/ca\/#organization"},"potentialAction":[{"@type":"SearchAction","target":{"@type":"EntryPoint","urlTemplate":"http:\/\/esarquitecto.com\/ca\/?s={search_term_string}"},"query-input":"required name=search_term_string"}],"inLanguage":"ca"},{"@type":"Organization","@id":"http:\/\/esarquitecto.com\/ca\/#organization","name":"Esteban S\u00e1nchez Pom\u00e9s Arquitecture Studio Sitges","url":"http:\/\/esarquitecto.com\/ca\/","logo":{"@type":"ImageObject","inLanguage":"ca","@id":"http:\/\/esarquitecto.com\/ca\/#\/schema\/logo\/image\/","url":"http:\/\/esarquitecto.com\/wp-content\/uploads\/2015\/11\/logo-ESP.png","contentUrl":"http:\/\/esarquitecto.com\/wp-content\/uploads\/2015\/11\/logo-ESP.png","width":1213,"height":676,"caption":"Esteban S\u00e1nchez Pom\u00e9s Arquitecture Studio Sitges"},"image":{"@id":"http:\/\/esarquitecto.com\/ca\/#\/schema\/logo\/image\/"}}]}},"_links":{"self":[{"href":"http:\/\/esarquitecto.com\/ca\/wp-json\/wp\/v2\/pages\/16813"}],"collection":[{"href":"http:\/\/esarquitecto.com\/ca\/wp-json\/wp\/v2\/pages"}],"about":[{"href":"http:\/\/esarquitecto.com\/ca\/wp-json\/wp\/v2\/types\/page"}],"author":[{"embeddable":true,"href":"http:\/\/esarquitecto.com\/ca\/wp-json\/wp\/v2\/users\/1"}],"replies":[{"embeddable":true,"href":"http:\/\/esarquitecto.com\/ca\/wp-json\/wp\/v2\/comments?post=16813"}],"version-history":[{"count":0,"href":"http:\/\/esarquitecto.com\/ca\/wp-json\/wp\/v2\/pages\/16813\/revisions"}],"wp:attachment":[{"href":"http:\/\/esarquitecto.com\/ca\/wp-json\/wp\/v2\/media?parent=16813"}],"curies":[{"name":"wp","href":"https:\/\/api.w.org\/{rel}","templated":true}]}}